{"id":931,"date":"2024-08-28T00:39:18","date_gmt":"2024-08-28T00:39:18","guid":{"rendered":"https:\/\/oga.tuv.mybluehost.me\/?page_id=931"},"modified":"2024-09-03T08:16:28","modified_gmt":"2024-09-03T08:16:28","slug":"communication-services","status":"publish","type":"page","link":"https:\/\/deafhhcenter.org\/es\/communication-services\/","title":{"rendered":"Servicios de Comunicaci\u00f3n"},"content":{"rendered":"<h2 class=\"wp-block-heading has-ast-global-color-5-color has-pale-cyan-blue-background-color has-text-color has-background has-link-color wp-elements-1bb9893e76b17b928611991b0f9b3e15\">Servicios de Comunicaci\u00f3n<\/h2>\n\n\n\n<p class=\"\">Una variedad de servicios permite a los consumidores que son sordos, con problemas auditivos o oyentes tener acceso completo a las comunicaciones en el modo m\u00e1s efectivo para cada individuo.<br>El Centro contrata int\u00e9rpretes de Lengua de Se\u00f1as calificados, int\u00e9rpretes orales, tomadores de notas y transcriptores CART para proporcionar acceso a la comunicaci\u00f3n en situaciones m\u00e9dicas, legales, econ\u00f3micas, gubernamentales, educativas u otras. El Centro para Personas Sordas y con Problemas Auditivos tambi\u00e9n coordina el acceso a la comunicaci\u00f3n para conferencias, apariciones en televisi\u00f3n y reuniones comunitarias.<\/p>\n\n\n\n<h2 class=\"wp-block-heading\">\u00bfPor qu\u00e9 una persona necesita servicios de comunicaci\u00f3n?<\/h2>\n\n\n\n<p class=\"\">Las personas sordas pueden optar por comunicarse con personas oyentes a trav\u00e9s de:<\/p>\n\n\n\n<ul class=\"wp-block-list\">\n<li class=\"\"><strong>Escribir notas\u200b\u2b24<\/strong><\/li>\n\n\n\n<li class=\"\"><strong>Utilizar int\u00e9rpretes calificados de lengua de se\u00f1as<\/strong><\/li>\n\n\n\n<li class=\"\"><strong>Conversaciones tipeadas por computadora<\/strong><\/li>\n<\/ul>\n\n\n\n<p class=\"\"><strong><em>Traducci\u00f3n en Tiempo Real para el Acceso a la Comunicaci\u00f3n (C.A.R.T.) se realiza mediante un proveedor de CART certificado y especialmente capacitado, que utiliza una m\u00e1quina de estenotipia, una computadora port\u00e1til y un software de traducci\u00f3n en tiempo real. El rol del proveedor de CART es mostrar la palabra hablada. CART proporciona una pantalla completa de texto en una computadora port\u00e1til o, con equipo adicional, puede mostrarse en un televisor o proyectarse en una pantalla.<\/em><\/strong>&#8211; is performed using a specially trained certified CART provider that uses a stenotype machine, notebook com-puter, and Realtime translation software. The role of the CART provider is to display the spoken word. CART provides a full screen of text on a notebook computer or with additional equipment can be displayed on a television or projected on a screen.<\/p>\n\n\n\n<p class=\"has-text-align-center\"><strong><em>Informaci\u00f3n adaptada de la Divisi\u00f3n de<br>Servicios de Rehabilitaci\u00f3n, Oficina de Servicios para Personas Sordas y con Problemas Auditivos, folleto CART.<\/em><\/strong><\/p>\n\n\n\n<p class=\"\"><strong>Projected Transliteration &#8211; (P.T.L.) &#8211;<\/strong> is performed by using more note taking style. The PTL provider takes computerized notes in classes or meetings.<\/p>\n\n\n\n<hr class=\"is-style-wide wp-block-separator has-alpha-channel-opacity\"\/>\n\n\n\n<p class=\"has-text-align-center\"><em><strong>Los servicios de comunicaci\u00f3n que ofrecemos ayudan a respaldar la comunicaci\u00f3n efectiva requerida por la Secci\u00f3n<br>504 y la Ley de Estadounidenses con Discapacidades (ADA).<\/strong><\/em><\/p>\n\n\n\n<p class=\"\"><\/p>","protected":false},"excerpt":{"rendered":"<p>Communication Services A variety of services enables consumers who are deaf, hard of hearing or hearing full access to communications in the most effective mode for the individual.The Center hires [&hellip;]<\/p>\n","protected":false},"author":4,"featured_media":0,"parent":0,"menu_order":0,"comment_status":"closed","ping_status":"closed","template":"","meta":{"nf_dc_page":"","site-sidebar-layout":"default","site-content-layout":"","ast-site-content-layout":"default","site-content-style":"default","site-sidebar-style":"default","ast-global-header-display":"","ast-banner-title-visibility":"","ast-main-header-display":"","ast-hfb-above-header-display":"","ast-hfb-below-header-display":"","ast-hfb-mobile-header-display":"","site-post-title":"disabled","ast-breadcrumbs-content":"","ast-featured-img":"","footer-sml-layout":"","ast-disable-related-posts":"","theme-transparent-header-meta":"","adv-header-id-meta":"","stick-header-meta":"","header-above-stick-meta":"","header-main-stick-meta":"","header-below-stick-meta":"","astra-migrate-meta-layouts":"default","ast-page-background-enabled":"default","ast-page-background-meta":{"desktop":{"background-color":"var(--ast-global-color-4)","background-image":"","background-repeat":"repeat","background-position":"center center","background-size":"auto","background-attachment":"scroll","background-type":"","background-media":"","overlay-type":"","overlay-color":"","overlay-opacity":"","overlay-gradient":""},"tablet":{"background-color":"","background-image":"","background-repeat":"repeat","background-position":"center center","background-size":"auto","background-attachment":"scroll","background-type":"","background-media":"","overlay-type":"","overlay-color":"","overlay-opacity":"","overlay-gradient":""},"mobile":{"background-color":"","background-image":"","background-repeat":"repeat","background-position":"center center","background-size":"auto","background-attachment":"scroll","background-type":"","background-media":"","overlay-type":"","overlay-color":"","overlay-opacity":"","overlay-gradient":""}},"ast-content-background-meta":{"desktop":{"background-color":"var(--ast-global-color-5)","background-image":"","background-repeat":"repeat","background-position":"center center","background-size":"auto","background-attachment":"scroll","background-type":"","background-media":"","overlay-type":"","overlay-color":"","overlay-opacity":"","overlay-gradient":""},"tablet":{"background-color":"var(--ast-global-color-5)","background-image":"","background-repeat":"repeat","background-position":"center center","background-size":"auto","background-attachment":"scroll","background-type":"","background-media":"","overlay-type":"","overlay-color":"","overlay-opacity":"","overlay-gradient":""},"mobile":{"background-color":"var(--ast-global-color-5)","background-image":"","background-repeat":"repeat","background-position":"center center","background-size":"auto","background-attachment":"scroll","background-type":"","background-media":"","overlay-type":"","overlay-color":"","overlay-opacity":"","overlay-gradient":""}},"_price":"","_stock":"","_tribe_ticket_header":"","_tribe_default_ticket_provider":"","_tribe_ticket_capacity":"0","_ticket_start_date":"","_ticket_end_date":"","_tribe_ticket_show_description":"","_tribe_ticket_show_not_going":false,"_tribe_ticket_use_global_stock":"","_tribe_ticket_global_stock_level":"","_global_stock_mode":"","_global_stock_cap":"","_tribe_rsvp_for_event":"","_tribe_ticket_going_count":"","_tribe_ticket_not_going_count":"","_tribe_tickets_list":"[]","_tribe_ticket_has_attendee_info_fields":false,"footnotes":"","_tec_slr_enabled":"","_tec_slr_layout":""},"class_list":["post-931","page","type-page","status-publish","hentry"],"jetpack_sharing_enabled":true,"ticketed":false,"_links":{"self":[{"href":"https:\/\/deafhhcenter.org\/es\/wp-json\/wp\/v2\/pages\/931","targetHints":{"allow":["GET"]}}],"collection":[{"href":"https:\/\/deafhhcenter.org\/es\/wp-json\/wp\/v2\/pages"}],"about":[{"href":"https:\/\/deafhhcenter.org\/es\/wp-json\/wp\/v2\/types\/page"}],"author":[{"embeddable":true,"href":"https:\/\/deafhhcenter.org\/es\/wp-json\/wp\/v2\/users\/4"}],"replies":[{"embeddable":true,"href":"https:\/\/deafhhcenter.org\/es\/wp-json\/wp\/v2\/comments?post=931"}],"version-history":[{"count":3,"href":"https:\/\/deafhhcenter.org\/es\/wp-json\/wp\/v2\/pages\/931\/revisions"}],"predecessor-version":[{"id":1012,"href":"https:\/\/deafhhcenter.org\/es\/wp-json\/wp\/v2\/pages\/931\/revisions\/1012"}],"wp:attachment":[{"href":"https:\/\/deafhhcenter.org\/es\/wp-json\/wp\/v2\/media?parent=931"}],"curies":[{"name":"wp","href":"https:\/\/api.w.org\/{rel}","templated":true}]}}