{"id":909,"date":"2024-08-18T23:46:19","date_gmt":"2024-08-18T23:46:19","guid":{"rendered":"https:\/\/oga.tuv.mybluehost.me\/?page_id=909"},"modified":"2025-08-05T15:37:02","modified_gmt":"2025-08-05T20:37:02","slug":"home","status":"publish","type":"page","link":"https:\/\/deafhhcenter.org\/es\/","title":{"rendered":"Inicio"},"content":{"rendered":"<figure class=\"wp-block-image alignfull size-full\"><img data-recalc-dims=\"1\" loading=\"lazy\" decoding=\"async\" width=\"3300\" height=\"2550\" src=\"https:\/\/i0.wp.com\/deafhhcenter.org\/wp-content\/uploads\/2024\/01\/WebHeader.png?resize=3300%2C2550&#038;ssl=1\" alt=\"\" class=\"wp-image-553\" srcset=\"https:\/\/i0.wp.com\/deafhhcenter.org\/wp-content\/uploads\/2024\/01\/WebHeader.png?w=3300&amp;ssl=1 3300w, https:\/\/i0.wp.com\/deafhhcenter.org\/wp-content\/uploads\/2024\/01\/WebHeader.png?resize=300%2C232&amp;ssl=1 300w, https:\/\/i0.wp.com\/deafhhcenter.org\/wp-content\/uploads\/2024\/01\/WebHeader.png?resize=1024%2C791&amp;ssl=1 1024w, https:\/\/i0.wp.com\/deafhhcenter.org\/wp-content\/uploads\/2024\/01\/WebHeader.png?resize=768%2C593&amp;ssl=1 768w, https:\/\/i0.wp.com\/deafhhcenter.org\/wp-content\/uploads\/2024\/01\/WebHeader.png?resize=1536%2C1187&amp;ssl=1 1536w, https:\/\/i0.wp.com\/deafhhcenter.org\/wp-content\/uploads\/2024\/01\/WebHeader.png?resize=2048%2C1583&amp;ssl=1 2048w, https:\/\/i0.wp.com\/deafhhcenter.org\/wp-content\/uploads\/2024\/01\/WebHeader.png?w=3000&amp;ssl=1 3000w\" sizes=\"auto, (max-width: 1000px) 100vw, 1000px\" \/><\/figure>\n\n\n\n<div style=\"height:75px\" aria-hidden=\"true\" class=\"wp-block-spacer\"><\/div>\n\n\n\n<figure class=\"wp-block-image aligncenter size-large is-resized\"><img data-recalc-dims=\"1\" loading=\"lazy\" decoding=\"async\" width=\"1024\" height=\"791\" src=\"https:\/\/i0.wp.com\/deafhhcenter.org\/wp-content\/uploads\/2024\/09\/HOHlogo-02.png?resize=1024%2C791&#038;ssl=1\" alt=\"\" class=\"wp-image-1251\" style=\"width:353px;height:auto\" srcset=\"https:\/\/i0.wp.com\/deafhhcenter.org\/wp-content\/uploads\/2024\/09\/HOHlogo-02.png?resize=1024%2C791&amp;ssl=1 1024w, https:\/\/i0.wp.com\/deafhhcenter.org\/wp-content\/uploads\/2024\/09\/HOHlogo-02.png?resize=300%2C232&amp;ssl=1 300w, https:\/\/i0.wp.com\/deafhhcenter.org\/wp-content\/uploads\/2024\/09\/HOHlogo-02.png?resize=768%2C593&amp;ssl=1 768w, https:\/\/i0.wp.com\/deafhhcenter.org\/wp-content\/uploads\/2024\/09\/HOHlogo-02.png?resize=1536%2C1187&amp;ssl=1 1536w, https:\/\/i0.wp.com\/deafhhcenter.org\/wp-content\/uploads\/2024\/09\/HOHlogo-02.png?resize=2048%2C1582&amp;ssl=1 2048w, https:\/\/i0.wp.com\/deafhhcenter.org\/wp-content\/uploads\/2024\/09\/HOHlogo-02.png?resize=16%2C12&amp;ssl=1 16w, https:\/\/i0.wp.com\/deafhhcenter.org\/wp-content\/uploads\/2024\/09\/HOHlogo-02.png?resize=600%2C463&amp;ssl=1 600w, https:\/\/i0.wp.com\/deafhhcenter.org\/wp-content\/uploads\/2024\/09\/HOHlogo-02.png?w=3000&amp;ssl=1 3000w\" sizes=\"auto, (max-width: 1000px) 100vw, 1000px\" \/><\/figure>\n\n\n\n<div class=\"nfd-container nfd-p-lg  nfd-wb-features__features-5 is-style-nfd-theme-white wp-block-group alignfull is-content-justification-center is-layout-constrained wp-block-group-is-layout-constrained\">\n<div class=\"nfd-text-base nfd-gap-3xl wp-block-columns alignfull are-vertically-aligned-center is-layout-flex wp-container-core-columns-is-layout-28f84493 wp-block-columns-is-layout-flex\">\n<div class=\"md:nfd-order-2 nfd-text-md wp-block-column is-vertically-aligned-center is-layout-flow wp-container-core-column-is-layout-8eebadab wp-block-column-is-layout-flow\" style=\"flex-basis:50%\">\n<div class=\"nfd-gap-lg wp-block-group is-layout-constrained wp-block-group-is-layout-constrained\">\n<h1 class=\"nfd-text-xl nfd-text-contrast nfd-text-balance wp-block-heading has-text-align-center\"><strong>Daniel Durant<\/strong><\/h1>\n\n\n\n<blockquote class=\"wp-block-quote is-layout-flow wp-block-quote-is-layout-flow\">\n<h4 class=\"nfd-text-balance wp-block-heading has-text-align-center\"><strong>Thursday, October 16, 2025<\/strong><br><em>Omni Corpus Christi Hotel<br>900 N. Shoreline Blvd.<br>Corpus Christi, Texas 78401<\/em><br>6:00PM &#8211; 9:00PM<\/h4>\n<\/blockquote>\n\n\n\n<div class=\"wp-block-buttons is-horizontal is-content-justification-center is-layout-flex wp-container-core-buttons-is-layout-ef5ce59c wp-block-buttons-is-layout-flex\">\n<div class=\"wp-block-button\"><a class=\"wp-block-button__link wp-element-button\">Buy a ticket<\/a><\/div>\n<\/div>\n<\/div>\n<\/div>\n\n\n\n<div class=\"wp-block-column is-vertically-aligned-center is-layout-flow wp-container-core-column-is-layout-8a368f38 wp-block-column-is-layout-flow\" style=\"flex-basis:50%\">\n<div class=\"nfd-grid nfd-grid-cols-9 nfd-grid-rows-1 nfd-items-center wp-block-group is-layout-flow wp-container-core-group-is-layout-a77db08e wp-block-group-is-layout-flow\">\n<figure class=\"nfd-col-start-1 nfd-col-end-7 nfd-row-start-1 nfd-rounded wp-block-image size-large is-resized\"><img data-recalc-dims=\"1\" loading=\"lazy\" decoding=\"async\" width=\"681\" height=\"1024\" src=\"https:\/\/i0.wp.com\/deafhhcenter.org\/wp-content\/uploads\/2025\/08\/DanielDurant.webp?resize=681%2C1024&#038;ssl=1\" alt=\"\" class=\"wp-image-1621\" style=\"aspect-ratio:0.6666666666666666;object-fit:cover;width:334px;height:auto\" srcset=\"https:\/\/i0.wp.com\/deafhhcenter.org\/wp-content\/uploads\/2025\/08\/DanielDurant.webp?resize=681%2C1024&amp;ssl=1 681w, https:\/\/i0.wp.com\/deafhhcenter.org\/wp-content\/uploads\/2025\/08\/DanielDurant.webp?resize=200%2C300&amp;ssl=1 200w, https:\/\/i0.wp.com\/deafhhcenter.org\/wp-content\/uploads\/2025\/08\/DanielDurant.webp?resize=768%2C1154&amp;ssl=1 768w, https:\/\/i0.wp.com\/deafhhcenter.org\/wp-content\/uploads\/2025\/08\/DanielDurant.webp?resize=1022%2C1536&amp;ssl=1 1022w, https:\/\/i0.wp.com\/deafhhcenter.org\/wp-content\/uploads\/2025\/08\/DanielDurant.webp?resize=8%2C12&amp;ssl=1 8w, https:\/\/i0.wp.com\/deafhhcenter.org\/wp-content\/uploads\/2025\/08\/DanielDurant.webp?resize=600%2C902&amp;ssl=1 600w, https:\/\/i0.wp.com\/deafhhcenter.org\/wp-content\/uploads\/2025\/08\/DanielDurant.webp?w=1331&amp;ssl=1 1331w\" sizes=\"auto, (max-width: 681px) 100vw, 681px\" \/><\/figure>\n\n\n\n<figure class=\"nfd-col-start-5 nfd-col-end-13 nfd-row-start-1 nfd-border-bg nfd-rounded wp-block-image alignwide size-full has-custom-border\"><img data-recalc-dims=\"1\" loading=\"lazy\" decoding=\"async\" width=\"583\" height=\"506\" src=\"https:\/\/i0.wp.com\/deafhhcenter.org\/wp-content\/uploads\/2025\/08\/DanielDurant2.webp?resize=583%2C506&#038;ssl=1\" alt=\"\" class=\"wp-image-1620\" style=\"border-left-width:3px\" srcset=\"https:\/\/i0.wp.com\/deafhhcenter.org\/wp-content\/uploads\/2025\/08\/DanielDurant2.webp?w=583&amp;ssl=1 583w, https:\/\/i0.wp.com\/deafhhcenter.org\/wp-content\/uploads\/2025\/08\/DanielDurant2.webp?resize=300%2C260&amp;ssl=1 300w, https:\/\/i0.wp.com\/deafhhcenter.org\/wp-content\/uploads\/2025\/08\/DanielDurant2.webp?resize=14%2C12&amp;ssl=1 14w\" sizes=\"auto, (max-width: 583px) 100vw, 583px\" \/><\/figure>\n<\/div>\n<\/div>\n<\/div>\n<\/div>\n\n\n\n<div class=\"wp-block-columns alignwide are-vertically-aligned-center is-layout-flex wp-container-core-columns-is-layout-28f84493 wp-block-columns-is-layout-flex\">\n<div class=\"wp-block-column is-vertically-aligned-center is-layout-flow wp-block-column-is-layout-flow\">\n<figure class=\"wp-block-image size-large\"><img data-recalc-dims=\"1\" loading=\"lazy\" decoding=\"async\" width=\"1024\" height=\"731\" src=\"https:\/\/i0.wp.com\/deafhhcenter.org\/wp-content\/uploads\/2024\/01\/SummerVoyageLogo.png?resize=1024%2C731&#038;ssl=1\" alt=\"The word \u201cSUMMER\u201d is written in large, colorful, playful block letters. Each letter is a different color, including blue, orange, yellow, pink, green, and purple. The letters overlap slightly, creating a dynamic, fun look. The word \u201cVOYAGE\u201d is written in smaller, light blue letters and placed inside the larger word \u201cSUMMER,\u201d specifically over the letters \u201cMM.\u201d The style conveys excitement and energy, suggesting a vibrant summer adventure.\" class=\"wp-image-625\" srcset=\"https:\/\/i0.wp.com\/deafhhcenter.org\/wp-content\/uploads\/2024\/01\/SummerVoyageLogo.png?resize=1024%2C731&amp;ssl=1 1024w, https:\/\/i0.wp.com\/deafhhcenter.org\/wp-content\/uploads\/2024\/01\/SummerVoyageLogo.png?resize=300%2C214&amp;ssl=1 300w, https:\/\/i0.wp.com\/deafhhcenter.org\/wp-content\/uploads\/2024\/01\/SummerVoyageLogo.png?resize=768%2C549&amp;ssl=1 768w, https:\/\/i0.wp.com\/deafhhcenter.org\/wp-content\/uploads\/2024\/01\/SummerVoyageLogo.png?resize=1536%2C1097&amp;ssl=1 1536w, https:\/\/i0.wp.com\/deafhhcenter.org\/wp-content\/uploads\/2024\/01\/SummerVoyageLogo.png?resize=2048%2C1463&amp;ssl=1 2048w\" sizes=\"auto, (max-width: 1000px) 100vw, 1000px\" \/><\/figure>\n<\/div>\n\n\n\n<div class=\"wp-block-column is-vertically-aligned-center is-layout-flow wp-block-column-is-layout-flow\">\n<figure class=\"wp-block-image size-large\"><img data-recalc-dims=\"1\" loading=\"lazy\" decoding=\"async\" width=\"1024\" height=\"750\" src=\"https:\/\/i0.wp.com\/deafhhcenter.org\/wp-content\/uploads\/2024\/01\/SignCampForKids.png?resize=1024%2C750&#038;ssl=1\" alt=\"This logo is composed of the words \u201cSIGN CAMP FOR KIDS\u201d in bold, playful, and colorful letters. Each letter has a different color, including red, orange, blue, pink, yellow, green, and purple. The font style is fun and friendly, appealing to children, with the words \u201cFOR KIDS\u201d standing out in larger, thicker, orange and red letters, emphasizing the focus on a children\u2019s camp.\" class=\"wp-image-624\" srcset=\"https:\/\/i0.wp.com\/deafhhcenter.org\/wp-content\/uploads\/2024\/01\/SignCampForKids.png?resize=1024%2C750&amp;ssl=1 1024w, https:\/\/i0.wp.com\/deafhhcenter.org\/wp-content\/uploads\/2024\/01\/SignCampForKids.png?resize=300%2C220&amp;ssl=1 300w, https:\/\/i0.wp.com\/deafhhcenter.org\/wp-content\/uploads\/2024\/01\/SignCampForKids.png?resize=768%2C563&amp;ssl=1 768w, https:\/\/i0.wp.com\/deafhhcenter.org\/wp-content\/uploads\/2024\/01\/SignCampForKids.png?w=1032&amp;ssl=1 1032w\" sizes=\"auto, (max-width: 1000px) 100vw, 1000px\" \/><\/figure>\n<\/div>\n\n\n\n<div class=\"wp-block-column is-vertically-aligned-center is-layout-flow wp-block-column-is-layout-flow\">\n<figure class=\"wp-block-image size-large\"><img data-recalc-dims=\"1\" loading=\"lazy\" decoding=\"async\" width=\"1024\" height=\"745\" src=\"https:\/\/i0.wp.com\/deafhhcenter.org\/wp-content\/uploads\/2024\/01\/SeniorSSlogo-01-1.png?resize=1024%2C745&#038;ssl=1\" alt=\"This logo features an elegant, minimalistic design using a sophisticated, serif font. The large letter \u201cS\u201d is stylized, with one \u201cS\u201d forming a vertical design and the other \u201cS\u201d wrapping around it. Below the large \u201cS,\u201d the words \u201cilver\u201d and \u201cSeniors\u201d are written, creating the phrase \u201cSilver Seniors.\u201d The overall design is simple, in grayscale, giving the logo a refined, mature, and professional feel, likely aimed at an older demographic.\" class=\"wp-image-628\" srcset=\"https:\/\/i0.wp.com\/deafhhcenter.org\/wp-content\/uploads\/2024\/01\/SeniorSSlogo-01-1.png?resize=1024%2C745&amp;ssl=1 1024w, https:\/\/i0.wp.com\/deafhhcenter.org\/wp-content\/uploads\/2024\/01\/SeniorSSlogo-01-1.png?resize=300%2C218&amp;ssl=1 300w, https:\/\/i0.wp.com\/deafhhcenter.org\/wp-content\/uploads\/2024\/01\/SeniorSSlogo-01-1.png?resize=768%2C559&amp;ssl=1 768w, https:\/\/i0.wp.com\/deafhhcenter.org\/wp-content\/uploads\/2024\/01\/SeniorSSlogo-01-1.png?resize=1536%2C1117&amp;ssl=1 1536w, https:\/\/i0.wp.com\/deafhhcenter.org\/wp-content\/uploads\/2024\/01\/SeniorSSlogo-01-1.png?resize=2048%2C1489&amp;ssl=1 2048w, https:\/\/i0.wp.com\/deafhhcenter.org\/wp-content\/uploads\/2024\/01\/SeniorSSlogo-01-1.png?w=3000&amp;ssl=1 3000w\" sizes=\"auto, (max-width: 1000px) 100vw, 1000px\" \/><\/figure>\n<\/div>\n<\/div>\n\n\n\n<div style=\"height:15px\" aria-hidden=\"true\" class=\"wp-block-spacer\"><\/div>\n\n\n\n<h2 class=\"wp-block-heading\">What We Offer: <\/h2>\n\n\n\n<div style=\"height:17px\" aria-hidden=\"true\" class=\"wp-block-spacer\"><\/div>\n\n\n\n<div class=\"wp-block-group has-ast-global-color-6-background-color has-background has-medium-font-size nfd-divider-ellipse is-vertical is-layout-flex wp-container-core-group-is-layout-f98cf28f wp-block-group-is-layout-flex\" style=\"padding-top:0;padding-right:0;padding-bottom:0;padding-left:0\">\n<div class=\"guten-element guten-Ix6UhV guten-icon-box icon-position-undefined\"><div class=\"guten-icon-box-wrapper hover-from-left\"><div class=\"icon-box icon-box-header\"><div class=\"icon style-color\"><i class=\"gtn gtn-information-light\"><\/i><\/div><\/div><div class=\"icon-box icon-box-body\"><h2 class=\"title\">Informaci\u00f3n y Referencias<\/h2><p class=\"icon-box-description\">Nuestro personal de la agencia ofrece informaci\u00f3n relacionada con la p\u00e9rdida auditiva, incluyendo: servicios comunitarios, equipos, programas recreativos, capacitaci\u00f3n y programas educativos disponibles.<\/p><\/div><\/div><\/div>\n\n\n\n<div class=\"guten-element guten-PLD2s2 guten-icon-box icon-position-undefined\"><div class=\"guten-icon-box-wrapper hover-from-left\"><div class=\"icon-box icon-box-header\"><div class=\"icon style-color\"><i class=\"gtn gtn-open-book-light\"><\/i><\/div><\/div><div class=\"icon-box icon-box-body\"><h2 class=\"title\">Alfabetizaci\u00f3n para Adultos<\/h2><p class=\"icon-box-description\">Se ofrecen clases para adultos sordos o con problemas de audici\u00f3n que deseen mejorar sus habilidades de lectura y escritura en ingl\u00e9s. La clase tambi\u00e9n incluye el estudio de habilidades para la vida y eventos actuales, todo a trav\u00e9s de comunicaci\u00f3n accesible. Nuestra biblioteca cuenta con libros y m\u00e1s de 120 cintas de video que se pueden prestar para estudio, pr\u00e1ctica, educaci\u00f3n o entretenimiento.<\/p><\/div><\/div><\/div>\n\n\n\n<div class=\"guten-element guten-JsoJGG guten-icon-box icon-position-undefined\"><div class=\"guten-icon-box-wrapper hover-from-left\"><div class=\"icon-box icon-box-header\"><div class=\"icon style-color\"><i class=\"fas fa-map-signs\"><\/i><\/div><\/div><div class=\"icon-box icon-box-body\"><h2 class=\"title\">Capacitaci\u00f3n y Colocaci\u00f3n Laboral<\/h2><p class=\"icon-box-description\">Los clientes sordos o con problemas de audici\u00f3n son elegibles para servicios de empleo. La capacitaci\u00f3n puede incluir preparaci\u00f3n laboral, b\u00fasqueda de empleo o habilidades para la vida independiente. El personal trabaja con los clientes y los empleadores para encontrar un empleo adecuado para el cliente, con seguimiento para garantizar una transici\u00f3n fluida al entorno laboral.<\/p><\/div><\/div><\/div>\n\n\n\n<div class=\"guten-element guten-CwelKA guten-icon-box icon-position-undefined\"><div class=\"guten-icon-box-wrapper hover-from-left\"><div class=\"icon-box icon-box-header\"><div class=\"icon style-color\"><i class=\"gtn gtn-Family-light\"><\/i><\/div><\/div><div class=\"icon-box icon-box-body\"><h2 class=\"title\">Apoyo Familiar<\/h2><p class=\"icon-box-description\">Se brindan oportunidades para que los padres y las familias de personas sordas o con problemas de audici\u00f3n se apoyen y aprendan unos de otros. Facilitamos reuniones de grupos de apoyo, redes de padres y el intercambio de informaci\u00f3n a trav\u00e9s de talleres y eventos especiales.<\/p><\/div><\/div><\/div>\n\n\n\n<div class=\"guten-element guten-bKAPmS guten-icon-box icon-position-undefined\"><div class=\"guten-icon-box-wrapper hover-from-left\"><div class=\"icon-box icon-box-header\"><div class=\"icon style-color\"><i class=\"gtn gtn-customer-service-light\"><\/i><\/div><\/div><div class=\"icon-box icon-box-body\"><h2 class=\"title\">Servicios de Asistencia al Cliente<\/h2><p class=\"icon-box-description\">Los clientes pueden reunirse con un trabajador social para recibir asistencia con asuntos personales. El personal realiza una evaluaci\u00f3n de necesidades y brinda servicios y referencias para resolver las necesidades identificadas. Los clientes son atendidos con cita previa o como visitas sin cita durante el horario de oficina.<\/p><\/div><\/div><\/div>\n\n\n\n<div class=\"guten-element guten-2CiiEp guten-icon-box icon-position-undefined\"><div class=\"guten-icon-box-wrapper hover-from-left\"><div class=\"icon-box icon-box-header\"><div class=\"icon style-color\"><i class=\"gtn gtn-tree-solid\"><\/i><\/div><\/div><div class=\"icon-box icon-box-body\"><h2 class=\"title\">Programa Recreativo<\/h2><p class=\"icon-box-description\">El programa Corpus Christi Silver Silent Seniors brinda a los adultos mayores con p\u00e9rdida auditiva una organizaci\u00f3n social con acceso a la comunicaci\u00f3n, con actividades para la estimulaci\u00f3n mental y f\u00edsica, y controles de bienestar, que incluyen oradores informativos, juegos y salidas. Patrocinamos los Juegos North of the Border para Sordos, un d\u00eda de juegos estilo ol\u00edmpico anual, en el que todos los participantes son sordos o con problemas de audici\u00f3n. El programa Summer Voyage Youth para j\u00f3venes con p\u00e9rdida auditiva, de entre 5 y 18 a\u00f1os, ofrece programas que fomentan la alfabetizaci\u00f3n y el liderazgo a trav\u00e9s de la recreaci\u00f3n y el aprendizaje experiencial. Los j\u00f3venes participan en manualidades, juegos, deportes, excursiones y proyectos en un entorno sin barreras.<\/p><\/div><\/div><\/div>\n<\/div>\n\n\n\n<div style=\"height:20px\" aria-hidden=\"true\" class=\"wp-block-spacer\"><\/div>\n\n\n\n<div class=\"wp-block-cover alignwide wp-duotone-midnight\" style=\"min-height:556px;aspect-ratio:unset;\"><img data-recalc-dims=\"1\" loading=\"lazy\" decoding=\"async\" width=\"1024\" height=\"768\" class=\"wp-block-cover__image-background wp-image-435\" alt=\"\" src=\"https:\/\/i0.wp.com\/oga.tuv.mybluehost.me\/wp-content\/uploads\/2024\/01\/20220712_152154-1024x768.jpeg?resize=1024%2C768&#038;ssl=1\" data-object-fit=\"cover\" srcset=\"https:\/\/i0.wp.com\/deafhhcenter.org\/wp-content\/uploads\/2024\/01\/20220712_152154-scaled.jpeg?resize=1024%2C768&amp;ssl=1 1024w, https:\/\/i0.wp.com\/deafhhcenter.org\/wp-content\/uploads\/2024\/01\/20220712_152154-scaled.jpeg?resize=300%2C225&amp;ssl=1 300w, https:\/\/i0.wp.com\/deafhhcenter.org\/wp-content\/uploads\/2024\/01\/20220712_152154-scaled.jpeg?resize=768%2C576&amp;ssl=1 768w, https:\/\/i0.wp.com\/deafhhcenter.org\/wp-content\/uploads\/2024\/01\/20220712_152154-scaled.jpeg?resize=1536%2C1152&amp;ssl=1 1536w, https:\/\/i0.wp.com\/deafhhcenter.org\/wp-content\/uploads\/2024\/01\/20220712_152154-scaled.jpeg?resize=2048%2C1536&amp;ssl=1 2048w\" sizes=\"auto, (max-width: 1000px) 100vw, 1000px\" \/><span aria-hidden=\"true\" class=\"wp-block-cover__background has-background-dim\"><\/span><div class=\"wp-block-cover__inner-container is-layout-flow wp-block-cover-is-layout-flow\">\n<div class=\"wp-block-group alignfull is-content-justification-left is-nowrap is-layout-flex wp-container-core-group-is-layout-327ecd92 wp-block-group-is-layout-flex\">\n<div class=\"is-style-default wp-block-media-text has-media-on-the-right is-stacked-on-mobile\" style=\"grid-template-columns:auto 52%\"><div class=\"wp-block-media-text__content\">\n<p class=\"has-ast-global-color-5-color has-text-color has-link-color wp-elements-28e6f5d7e753e15888785a11bf87b639\">El Centro para Sordos y Personas con Problemas de Audici\u00f3n es una organizaci\u00f3n sin fines de lucro, 501(c)(3), de servicio completo que ofrece servicios al cliente, capacitaci\u00f3n laboral, b\u00fasqueda de empleo, clases de lenguaje de se\u00f1as, defensa de derechos, programas para personas con problemas de audici\u00f3n, actividades para personas mayores, recreaci\u00f3n, capacitaci\u00f3n en habilidades para la vida y m\u00e1s. Servimos a 23 condados de la Costa del Golfo. Comenzamos en 1978 como el Consejo de la Zona de Corpus Christi para los Sordos, Inc. (CCACD), establecido para brindar servicios a personas con p\u00e9rdida auditiva.<br><br>En 2003, CACD adopt\u00f3 el nombre comercial \u201cEl Centro para Sordos y Personas con Problemas de Audici\u00f3n\u201d, ampliando los servicios a la comunidad con problemas de audici\u00f3n. Desde su creaci\u00f3n, el centro ha a\u00f1adido programas para convertirse en una organizaci\u00f3n \u00fanica y excepcional en el \u00e1mbito de los servicios para personas sordas o con problemas de audici\u00f3n.<\/p>\n<\/div><figure class=\"wp-block-media-text__media\"><img data-recalc-dims=\"1\" loading=\"lazy\" decoding=\"async\" width=\"1024\" height=\"768\" src=\"https:\/\/i0.wp.com\/oga.tuv.mybluehost.me\/wp-content\/uploads\/2024\/01\/20220712_152137-1024x768.jpeg?resize=1024%2C768&#038;ssl=1\" alt=\"\" class=\"wp-image-433 size-full\" srcset=\"https:\/\/i0.wp.com\/deafhhcenter.org\/wp-content\/uploads\/2024\/01\/20220712_152137-scaled.jpeg?resize=1024%2C768&amp;ssl=1 1024w, https:\/\/i0.wp.com\/deafhhcenter.org\/wp-content\/uploads\/2024\/01\/20220712_152137-scaled.jpeg?resize=300%2C225&amp;ssl=1 300w, https:\/\/i0.wp.com\/deafhhcenter.org\/wp-content\/uploads\/2024\/01\/20220712_152137-scaled.jpeg?resize=768%2C576&amp;ssl=1 768w, https:\/\/i0.wp.com\/deafhhcenter.org\/wp-content\/uploads\/2024\/01\/20220712_152137-scaled.jpeg?resize=1536%2C1152&amp;ssl=1 1536w, https:\/\/i0.wp.com\/deafhhcenter.org\/wp-content\/uploads\/2024\/01\/20220712_152137-scaled.jpeg?resize=2048%2C1536&amp;ssl=1 2048w\" sizes=\"auto, (max-width: 1000px) 100vw, 1000px\" \/><\/figure><\/div>\n<\/div>\n<\/div><\/div>\n\n\n\n<div style=\"height:20px\" aria-hidden=\"true\" class=\"wp-block-spacer\"><\/div>\n\n\n<ul class=\"wp-block-latest-posts__list alignwide wp-block-latest-posts\"><\/ul>","protected":false},"excerpt":{"rendered":"<p>Daniel Durant Thursday, October 16, 2025Omni Corpus Christi Hotel900 N. Shoreline Blvd.Corpus Christi, Texas 784016:00PM &#8211; 9:00PM What We Offer:<\/p>","protected":false},"author":4,"featured_media":0,"parent":0,"menu_order":0,"comment_status":"closed","ping_status":"closed","template":"","meta":{"nf_dc_page":"","site-sidebar-layout":"default","site-content-layout":"","ast-site-content-layout":"default","site-content-style":"default","site-sidebar-style":"default","ast-global-header-display":"","ast-banner-title-visibility":"","ast-main-header-display":"","ast-hfb-above-header-display":"","ast-hfb-below-header-display":"","ast-hfb-mobile-header-display":"","site-post-title":"disabled","ast-breadcrumbs-content":"","ast-featured-img":"","footer-sml-layout":"","ast-disable-related-posts":"","theme-transparent-header-meta":"","adv-header-id-meta":"","stick-header-meta":"","header-above-stick-meta":"","header-main-stick-meta":"","header-below-stick-meta":"","astra-migrate-meta-layouts":"default","ast-page-background-enabled":"default","ast-page-background-meta":{"desktop":{"background-color":"var(--ast-global-color-4)","background-image":"","background-repeat":"repeat","background-position":"center center","background-size":"auto","background-attachment":"scroll","background-type":"","background-media":"","overlay-type":"","overlay-color":"","overlay-opacity":"","overlay-gradient":""},"tablet":{"background-color":"","background-image":"","background-repeat":"repeat","background-position":"center center","background-size":"auto","background-attachment":"scroll","background-type":"","background-media":"","overlay-type":"","overlay-color":"","overlay-opacity":"","overlay-gradient":""},"mobile":{"background-color":"","background-image":"","background-repeat":"repeat","background-position":"center center","background-size":"auto","background-attachment":"scroll","background-type":"","background-media":"","overlay-type":"","overlay-color":"","overlay-opacity":"","overlay-gradient":""}},"ast-content-background-meta":{"desktop":{"background-color":"var(--ast-global-color-5)","background-image":"","background-repeat":"repeat","background-position":"center center","background-size":"auto","background-attachment":"scroll","background-type":"","background-media":"","overlay-type":"","overlay-color":"","overlay-opacity":"","overlay-gradient":""},"tablet":{"background-color":"var(--ast-global-color-5)","background-image":"","background-repeat":"repeat","background-position":"center center","background-size":"auto","background-attachment":"scroll","background-type":"","background-media":"","overlay-type":"","overlay-color":"","overlay-opacity":"","overlay-gradient":""},"mobile":{"background-color":"var(--ast-global-color-5)","background-image":"","background-repeat":"repeat","background-position":"center center","background-size":"auto","background-attachment":"scroll","background-type":"","background-media":"","overlay-type":"","overlay-color":"","overlay-opacity":"","overlay-gradient":""}},"_price":"","_stock":"","_tribe_ticket_header":"","_tribe_default_ticket_provider":"","_tribe_ticket_capacity":"0","_ticket_start_date":"","_ticket_end_date":"","_tribe_ticket_show_description":"","_tribe_ticket_show_not_going":false,"_tribe_ticket_use_global_stock":"","_tribe_ticket_global_stock_level":"","_global_stock_mode":"","_global_stock_cap":"","_tribe_rsvp_for_event":"","_tribe_ticket_going_count":"","_tribe_ticket_not_going_count":"","_tribe_tickets_list":"[]","_tribe_ticket_has_attendee_info_fields":false,"footnotes":"","_tec_slr_enabled":"","_tec_slr_layout":""},"class_list":["post-909","page","type-page","status-publish","hentry"],"jetpack_sharing_enabled":true,"ticketed":false,"_links":{"self":[{"href":"https:\/\/deafhhcenter.org\/es\/wp-json\/wp\/v2\/pages\/909","targetHints":{"allow":["GET"]}}],"collection":[{"href":"https:\/\/deafhhcenter.org\/es\/wp-json\/wp\/v2\/pages"}],"about":[{"href":"https:\/\/deafhhcenter.org\/es\/wp-json\/wp\/v2\/types\/page"}],"author":[{"embeddable":true,"href":"https:\/\/deafhhcenter.org\/es\/wp-json\/wp\/v2\/users\/4"}],"replies":[{"embeddable":true,"href":"https:\/\/deafhhcenter.org\/es\/wp-json\/wp\/v2\/comments?post=909"}],"version-history":[{"count":17,"href":"https:\/\/deafhhcenter.org\/es\/wp-json\/wp\/v2\/pages\/909\/revisions"}],"predecessor-version":[{"id":1643,"href":"https:\/\/deafhhcenter.org\/es\/wp-json\/wp\/v2\/pages\/909\/revisions\/1643"}],"wp:attachment":[{"href":"https:\/\/deafhhcenter.org\/es\/wp-json\/wp\/v2\/media?parent=909"}],"curies":[{"name":"wp","href":"https:\/\/api.w.org\/{rel}","templated":true}]}}