{"id":861,"date":"2024-08-15T00:30:12","date_gmt":"2024-08-15T00:30:12","guid":{"rendered":"https:\/\/oga.tuv.mybluehost.me\/?page_id=861"},"modified":"2024-09-01T23:28:06","modified_gmt":"2024-09-01T23:28:06","slug":"volunteers","status":"publish","type":"page","link":"https:\/\/deafhhcenter.org\/es\/volunteers\/","title":{"rendered":"Voluntarios"},"content":{"rendered":"<h2 class=\"wp-block-heading\">Marca la diferencia en el Centro para Personas Sordas y con Problemas Auditivos<\/h2>\n\n\n\n<p class=\"\">En el Centro para Personas Sordas y con Problemas Auditivos (DHHC), los voluntarios desempe\u00f1an un papel crucial en ayudarnos a cumplir nuestra misi\u00f3n de empoderar y apoyar a la comunidad sorda y con problemas auditivos. Al ofrecer tu tiempo y habilidades como voluntario, puedes ayudarnos a crear un entorno m\u00e1s inclusivo, proporcionar servicios esenciales y mejorar la calidad de vida de las personas a las que servimos.<\/p>\n\n\n\n<p class=\"\">\u00bfPor qu\u00e9 ser voluntario?<\/p>\n\n\n\n<h2 class=\"wp-block-heading\">Ser voluntario en el DHHC te ofrece la oportunidad de:<\/h2>\n\n\n\n<p class=\"\">\u2022 Hacer un impacto positivo: Tus esfuerzos beneficiar\u00e1n directamente a la comunidad sorda y con problemas auditivos, ayudando a las personas a acceder a recursos, educaci\u00f3n y apoyo.\n\u2022 Aprender y crecer: Adquiere experiencia valiosa, aprende sobre la cultura sorda y desarrolla nuevas habilidades en un entorno de apoyo.\n\u2022 Construir conexiones: Conoce a personas con ideas afines, establece amistades y convi\u00e9rtete en parte de una comunidad dedicada y solidaria.<\/p>\n\n\n\n<h2 class=\"wp-block-heading\">Oportunidades de voluntariado\u200b\u2b24<\/h2>\n\n\n\n<p class=\"\">Tenemos una variedad de oportunidades de voluntariado disponibles que se adaptan a tus intereses y horario. Ya sea que puedas ser voluntario semanalmente o ayudar de manera ocasional, tu contribuci\u00f3n es valiosa para nosotros. Aqu\u00ed te mostramos algunas formas en las que puedes involucrarte:<\/p>\n\n\n\n<p class=\"\">\u2022   <strong>Voluntarios para eventos:<\/strong> Ayuda con la instalaci\u00f3n, coordinaci\u00f3n y desmontaje de eventos como talleres, reuniones comunitarias y recaudaciones de fondos. Los voluntarios de eventos ayudan a garantizar que nuestros eventos sean exitosos y agradables para todos los participantes.<br>\u2022   <strong>Program Assistants:<\/strong> Support our ASL classes, educational programs, and outreach efforts. Program assistants may help with classroom activities, tutoring, or promoting our programs in the community.<br>\u2022   <strong>Office Volunteers:<\/strong> Help with administrative tasks such as data entry, filing, and organizing materials. Office volunteers play a vital role in keeping our operations running smoothly.<br>\u2022   <strong>Special Skills Volunteers:<\/strong> Do you have a specific skill, such as graphic design, marketing, or maintenance? Let us know! We are always looking for volunteers who can contribute their expertise to special projects or initiatives.<\/p>\n\n\n\n<h2 class=\"wp-block-heading\">C\u00f3mo empezar\u200b\u2b24<\/h2>\n\n\n\n<p class=\"\">\u00bfListo para marcar la diferencia? Completa nuestro formulario de solicitud de voluntariado, y nos pondremos en contacto contigo para hablar sobre c\u00f3mo puedes involucrarte. Ofrecemos orientaci\u00f3n y capacitaci\u00f3n para que te sientas seguro y preparado en tu rol como voluntario.<\/p>\n\n\n\n<div class=\"forminator-guttenberg\"><div class=\"forminator-ui forminator-custom-form forminator-custom-form-972 forminator-design--default  forminator_ajax\" data-forminator-render=\"0\" data-form=\"forminator-module-972\" data-uid=\"69ea5a1d16ca6\"><br\/><\/div><form\n\t\t\t\tid=\"forminator-module-972\"\n\t\t\t\tclass=\"forminator-ui forminator-custom-form forminator-custom-form-972 forminator-design--default  forminator_ajax\"\n\t\t\t\tmethod=\"post\"\n\t\t\t\tdata-forminator-render=\"0\"\n\t\t\t\tdata-form-id=\"972\"\n\t\t\t\t data-color-option=\"default\" data-design=\"default\" data-grid=\"open\" style=\"display: none;\"\n\t\t\t\tdata-uid=\"69ea5a1d16ca6\" action=\"\"\n\t\t\t><div role=\"alert\" aria-live=\"polite\" class=\"forminator-response-message forminator-error\" aria-hidden=\"true\"><\/div><div class=\"forminator-row\"><div id=\"name-1\" class=\"forminator-field-name forminator-col forminator-col-12\"><div class=\"forminator-row forminator-no-margin\" data-multiple=\"true\"><div class=\"forminator-col forminator-col-md-6\"><div class=\"forminator-field\"><label for=\"forminator-field-first-name-1_69ea5a1d16ca6\" id=\"forminator-field-first-name-1_69ea5a1d16ca6-label\" class=\"forminator-label\">First Name <span class=\"forminator-required\">*<\/span><\/label><input type=\"text\" name=\"name-1-first-name\" placeholder=\"E.g. John\" id=\"forminator-field-first-name-1_69ea5a1d16ca6\" class=\"forminator-input\" aria-required=\"true\" data-multi=\"1\" autocomplete=\"given-name\" value=\"\" aria-describedby=\"forminator-field-first-name-1_69ea5a1d16ca6-description\" \/><span id=\"forminator-field-first-name-1_69ea5a1d16ca6-description\" class=\"forminator-description\">Please enter your first name<\/span><\/div><\/div><div class=\"forminator-col forminator-col-md-6\"><div class=\"forminator-field\"><label for=\"forminator-field-last-name-1_69ea5a1d16ca6\" id=\"forminator-field-last-name-1_69ea5a1d16ca6-label\" class=\"forminator-label\">Last Name <span class=\"forminator-required\">*<\/span><\/label><input type=\"text\" name=\"name-1-last-name\" placeholder=\"E.g. Doe\" id=\"forminator-field-last-name-1_69ea5a1d16ca6\" class=\"forminator-input\" aria-required=\"true\" data-multi=\"1\" autocomplete=\"family-name\" value=\"\" aria-describedby=\"forminator-field-last-name-1_69ea5a1d16ca6-description\" \/><span id=\"forminator-field-last-name-1_69ea5a1d16ca6-description\" class=\"forminator-description\">Please enter your last name<\/span><\/div><\/div><\/div><\/div><\/div><div class=\"forminator-row\"><div id=\"date-2\" class=\"forminator-field-date forminator-col forminator-col-12\"><div class=\"forminator-field\"><label for=\"forminator-field-date-2-picker_69ea5a1d16ca6\" id=\"forminator-field-date-2-picker_69ea5a1d16ca6-label\" class=\"forminator-label\">Birthdate<\/label><div class=\"forminator-input-with-icon\"><span class=\"forminator-icon-calendar\" aria-hidden=\"true\"><\/span><input autocomplete=\"off\" type=\"text\" size=\"1\" name=\"date-2\" value=\"\" placeholder=\"Choose Date\" id=\"forminator-field-date-2-picker_69ea5a1d16ca6\" class=\"forminator-input forminator-datepicker\" data-required=\"\" data-format=\"mm\/dd\/yy\" data-restrict-type=\"\" data-restrict=\"\" data-start-year=\"1926\" data-end-year=\"2126\" data-past-dates=\"enable\" data-start-of-week=\"1\" data-start-date=\"\" data-end-date=\"\" data-start-field=\"\" data-end-field=\"\" data-start-offset=\"\" data-end-offset=\"\" data-disable-date=\"\" data-disable-range=\"\" \/><\/div><\/div><\/div><\/div><div class=\"forminator-row\"><div id=\"email-1\" class=\"forminator-field-email forminator-col forminator-col-6\"><div class=\"forminator-field\"><label for=\"forminator-field-email-1_69ea5a1d16ca6\" id=\"forminator-field-email-1_69ea5a1d16ca6-label\" class=\"forminator-label\">Direcci\u00f3n de correo electr\u00f3nico <span class=\"forminator-required\">*<\/span><\/label><input type=\"email\" name=\"email-1\" value=\"\" placeholder=\"Ej. john@doe.com\" id=\"forminator-field-email-1_69ea5a1d16ca6\" class=\"forminator-input forminator-email--field\" data-required=\"1\" aria-required=\"true\" autocomplete=\"email\" \/><\/div><\/div><div id=\"phone-1\" class=\"forminator-field-phone forminator-col forminator-col-6\"><div class=\"forminator-field\"><label for=\"forminator-field-phone-1_69ea5a1d16ca6\" id=\"forminator-field-phone-1_69ea5a1d16ca6-label\" class=\"forminator-label\">Tel\u00e9fono <span class=\"forminator-required\">*<\/span><\/label><input type=\"text\" name=\"phone-1\" value=\"\" placeholder=\"VP or TEXT\" id=\"forminator-field-phone-1_69ea5a1d16ca6\" class=\"forminator-input forminator-field--phone\" data-required=\"1\" aria-required=\"true\" autocomplete=\"off\" \/><\/div><\/div><\/div><div class=\"forminator-row\"><div id=\"checkbox-1\" class=\"forminator-field-checkbox forminator-col forminator-col-12\"><div role=\"group\" class=\"forminator-field\" aria-labelledby=\"forminator-checkbox-group-forminator-field-checkbox-1-69ea5a1d16ca6-label\"><span id=\"forminator-checkbox-group-forminator-field-checkbox-1-69ea5a1d16ca6-label\" class=\"forminator-label\">Are you:<\/span><label id=\"forminator-field-checkbox-1-1-69ea5a1d16ca6-label\" for=\"forminator-field-checkbox-1-1-69ea5a1d16ca6\" class=\"forminator-checkbox\" title=\"Deaf\"><input type=\"checkbox\" name=\"checkbox-1[]\" value=\"one\" id=\"forminator-field-checkbox-1-1-69ea5a1d16ca6\" aria-labelledby=\"forminator-field-checkbox-1-1-69ea5a1d16ca6-label\" data-calculation=\"0\"   data-hidden-behavior=\"zero\"\/><span class=\"forminator-checkbox-box\" aria-hidden=\"true\"><\/span><span class=\"forminator-checkbox-label\">Deaf<\/span><\/label><label id=\"forminator-field-checkbox-1-2-69ea5a1d16ca6-label\" for=\"forminator-field-checkbox-1-2-69ea5a1d16ca6\" class=\"forminator-checkbox\" title=\"Hard of Hearing\"><input type=\"checkbox\" name=\"checkbox-1[]\" value=\"two\" id=\"forminator-field-checkbox-1-2-69ea5a1d16ca6\" aria-labelledby=\"forminator-field-checkbox-1-2-69ea5a1d16ca6-label\" data-calculation=\"0\"   data-hidden-behavior=\"zero\"\/><span class=\"forminator-checkbox-box\" aria-hidden=\"true\"><\/span><span class=\"forminator-checkbox-label\">Hard of Hearing<\/span><\/label><label id=\"forminator-field-checkbox-1-3-69ea5a1d16ca6-label\" for=\"forminator-field-checkbox-1-3-69ea5a1d16ca6\" class=\"forminator-checkbox\" title=\"Hearing\"><input type=\"checkbox\" name=\"checkbox-1[]\" value=\"Hearing\" id=\"forminator-field-checkbox-1-3-69ea5a1d16ca6\" aria-labelledby=\"forminator-field-checkbox-1-3-69ea5a1d16ca6-label\" data-calculation=\"0\"   data-hidden-behavior=\"zero\"\/><span class=\"forminator-checkbox-box\" aria-hidden=\"true\"><\/span><span class=\"forminator-checkbox-label\">Hearing<\/span><\/label><\/div><\/div><\/div><div class=\"forminator-row\"><div id=\"radio-1\" class=\"forminator-field-radio forminator-col forminator-col-12\"><div role=\"radiogroup\" class=\"forminator-field\" aria-labelledby=\"forminator-radiogroup-radio-1-69ea5a1d16ca6-label\"><span id=\"forminator-radiogroup-radio-1-69ea5a1d16ca6-label\" class=\"forminator-label\">Do you know sign language?<\/span><label id=\"forminator-field-radio-1-label-1\" for=\"forminator-field-radio-1-1-69ea5a1d16ca6\" class=\"forminator-radio\" title=\"Yes\"><input type=\"radio\" name=\"radio-1\" value=\"one\" id=\"forminator-field-radio-1-1-69ea5a1d16ca6\" aria-labelledby=\"forminator-field-radio-1-label-1\" data-calculation=\"0\"   data-hidden-behavior=\"zero\"\/><span class=\"forminator-radio-bullet\" aria-hidden=\"true\"><\/span><span class=\"forminator-radio-label\">Yes<\/span><\/label><label id=\"forminator-field-radio-1-label-2\" for=\"forminator-field-radio-1-2-69ea5a1d16ca6\" class=\"forminator-radio\" title=\"No\"><input type=\"radio\" name=\"radio-1\" value=\"two\" id=\"forminator-field-radio-1-2-69ea5a1d16ca6\" aria-labelledby=\"forminator-field-radio-1-label-2\" data-calculation=\"0\"   data-hidden-behavior=\"zero\"\/><span class=\"forminator-radio-bullet\" aria-hidden=\"true\"><\/span><span class=\"forminator-radio-label\">No<\/span><\/label><\/div><\/div><\/div><div class=\"forminator-row\"><div id=\"checkbox-2\" class=\"forminator-field-checkbox forminator-col forminator-col-12\"><div role=\"group\" class=\"forminator-field\" aria-labelledby=\"forminator-checkbox-group-forminator-field-checkbox-2-69ea5a1d16ca6-label\"><span id=\"forminator-checkbox-group-forminator-field-checkbox-2-69ea5a1d16ca6-label\" class=\"forminator-label\">Which programs are you interested in volunteering for:<\/span><label id=\"forminator-field-checkbox-2-1-69ea5a1d16ca6-label\" for=\"forminator-field-checkbox-2-1-69ea5a1d16ca6\" class=\"forminator-checkbox\" title=\"In-House help (folding newsletter, cafe, cleaning)\"><input type=\"checkbox\" name=\"checkbox-2[]\" value=\"one\" id=\"forminator-field-checkbox-2-1-69ea5a1d16ca6\" aria-labelledby=\"forminator-field-checkbox-2-1-69ea5a1d16ca6-label\" data-calculation=\"0\"   data-hidden-behavior=\"zero\"\/><span class=\"forminator-checkbox-box\" aria-hidden=\"true\"><\/span><span class=\"forminator-checkbox-label\">In-House help (folding newsletter, cafe, cleaning)<\/span><\/label><label id=\"forminator-field-checkbox-2-2-69ea5a1d16ca6-label\" for=\"forminator-field-checkbox-2-2-69ea5a1d16ca6\" class=\"forminator-checkbox\" title=\"Administrative (answering phones, helping clients)\"><input type=\"checkbox\" name=\"checkbox-2[]\" value=\"two\" id=\"forminator-field-checkbox-2-2-69ea5a1d16ca6\" aria-labelledby=\"forminator-field-checkbox-2-2-69ea5a1d16ca6-label\" data-calculation=\"0\"   data-hidden-behavior=\"zero\"\/><span class=\"forminator-checkbox-box\" aria-hidden=\"true\"><\/span><span class=\"forminator-checkbox-label\">Administrative (answering phones, helping clients)<\/span><\/label><label id=\"forminator-field-checkbox-2-3-69ea5a1d16ca6-label\" for=\"forminator-field-checkbox-2-3-69ea5a1d16ca6\" class=\"forminator-checkbox\" title=\"ASL Classes (adult, kids, and baby sign classes)\"><input type=\"checkbox\" name=\"checkbox-2[]\" value=\"ASL-Classes-(adult,-kids,-and-Baby-sign-classes)\" id=\"forminator-field-checkbox-2-3-69ea5a1d16ca6\" aria-labelledby=\"forminator-field-checkbox-2-3-69ea5a1d16ca6-label\" data-calculation=\"0\"   data-hidden-behavior=\"zero\"\/><span class=\"forminator-checkbox-box\" aria-hidden=\"true\"><\/span><span class=\"forminator-checkbox-label\">ASL Classes (adult, kids, and baby sign classes)<\/span><\/label><label id=\"forminator-field-checkbox-2-4-69ea5a1d16ca6-label\" for=\"forminator-field-checkbox-2-4-69ea5a1d16ca6\" class=\"forminator-checkbox\" title=\"Fundraising Events (Heroes for Hearing, etc.)\"><input type=\"checkbox\" name=\"checkbox-2[]\" value=\"Fundraising-Events\" id=\"forminator-field-checkbox-2-4-69ea5a1d16ca6\" aria-labelledby=\"forminator-field-checkbox-2-4-69ea5a1d16ca6-label\" data-calculation=\"0\"   data-hidden-behavior=\"zero\"\/><span class=\"forminator-checkbox-box\" aria-hidden=\"true\"><\/span><span class=\"forminator-checkbox-label\">Fundraising Events (Heroes for Hearing, etc.)<\/span><\/label><label id=\"forminator-field-checkbox-2-5-69ea5a1d16ca6-label\" for=\"forminator-field-checkbox-2-5-69ea5a1d16ca6\" class=\"forminator-checkbox\" title=\"Youth Program (summer camps)\"><input type=\"checkbox\" name=\"checkbox-2[]\" value=\"Youth-Program-(summer-camps)\" id=\"forminator-field-checkbox-2-5-69ea5a1d16ca6\" aria-labelledby=\"forminator-field-checkbox-2-5-69ea5a1d16ca6-label\" data-calculation=\"0\"   data-hidden-behavior=\"zero\"\/><span class=\"forminator-checkbox-box\" aria-hidden=\"true\"><\/span><span class=\"forminator-checkbox-label\">Youth Program (summer camps)<\/span><\/label><label id=\"forminator-field-checkbox-2-6-69ea5a1d16ca6-label\" for=\"forminator-field-checkbox-2-6-69ea5a1d16ca6\" class=\"forminator-checkbox\" title=\"Seniors Citizens\"><input type=\"checkbox\" name=\"checkbox-2[]\" value=\"Seniors-Citizens\" id=\"forminator-field-checkbox-2-6-69ea5a1d16ca6\" aria-labelledby=\"forminator-field-checkbox-2-6-69ea5a1d16ca6-label\" data-calculation=\"0\"   data-hidden-behavior=\"zero\"\/><span class=\"forminator-checkbox-box\" aria-hidden=\"true\"><\/span><span class=\"forminator-checkbox-label\">Seniors Citizens<\/span><\/label><label id=\"forminator-field-checkbox-2-7-69ea5a1d16ca6-label\" for=\"forminator-field-checkbox-2-7-69ea5a1d16ca6\" class=\"forminator-checkbox\" title=\"Food Pantry\"><input type=\"checkbox\" name=\"checkbox-2[]\" value=\"Food-Pantry\" id=\"forminator-field-checkbox-2-7-69ea5a1d16ca6\" aria-labelledby=\"forminator-field-checkbox-2-7-69ea5a1d16ca6-label\" data-calculation=\"0\"   data-hidden-behavior=\"zero\"\/><span class=\"forminator-checkbox-box\" aria-hidden=\"true\"><\/span><span class=\"forminator-checkbox-label\">Food Pantry<\/span><\/label><label id=\"forminator-field-checkbox-2-8-69ea5a1d16ca6-label\" for=\"forminator-field-checkbox-2-8-69ea5a1d16ca6\" class=\"forminator-checkbox\" title=\"Other:\"><input type=\"checkbox\" name=\"checkbox-2[]\" value=\"Other:\" id=\"forminator-field-checkbox-2-8-69ea5a1d16ca6\" aria-labelledby=\"forminator-field-checkbox-2-8-69ea5a1d16ca6-label\" data-calculation=\"0\"   data-hidden-behavior=\"zero\"\/><span class=\"forminator-checkbox-box\" aria-hidden=\"true\"><\/span><span class=\"forminator-checkbox-label\">Other:<\/span><\/label><\/div><\/div><\/div><input type=\"hidden\" name=\"referer_url\" value=\"\" \/><div class=\"forminator-row forminator-row-last\"><div class=\"forminator-col\"><div class=\"forminator-field\"><button class=\"forminator-button forminator-button-submit\">Send Message<\/button><\/div><\/div><\/div><input type=\"hidden\" id=\"forminator_nonce\" name=\"forminator_nonce\" value=\"bc40ee3509\" \/><input type=\"hidden\" name=\"_wp_http_referer\" value=\"\/es\/wp-json\/wp\/v2\/pages\/861\" \/><input type=\"hidden\" name=\"form_id\" value=\"972\"><input type=\"hidden\" name=\"page_id\" value=\"861\"><input type=\"hidden\" name=\"form_type\" value=\"default\"><input type=\"hidden\" name=\"current_url\" value=\"https:\/\/deafhhcenter.org\/es\/volunteers\/\"><input type=\"hidden\" name=\"render_id\" value=\"0\"><input type=\"hidden\" name=\"action\" value=\"forminator_submit_form_custom-forms\"><input type=\"hidden\" name=\"trp-form-language\" value=\"es\"\/><\/form><\/div>\n\n\n\n<hr class=\"is-style-dots wp-block-separator has-alpha-channel-opacity\"\/>\n\n\n\n<h2 class=\"wp-block-heading\"><strong>Cont\u00e1ctanos<\/strong><\/h2>\n\n\n\n<p class=\"\">Si tienes alguna pregunta o deseas obtener m\u00e1s informaci\u00f3n sobre el voluntariado en el DHHC, comun\u00edcate con nuestro Coordinador de Voluntarios en info@deafhhcenter.org. \u00a1Estamos emocionados de darte la bienvenida a nuestro equipo y trabajar juntos para apoyar a nuestra comunidad!<\/p>\n\n\n\n<p class=\"\">\u00a1Gracias por tu apoyo!\u200b\u2b24<\/p>\n\n\n\n<p class=\"\">Tu compromiso y pasi\u00f3n marcan una gran diferencia. Gracias por considerar ser voluntario en el DHHC. \u00a1Juntos podemos hacer un impacto duradero!\u200b\u2b24<\/p>\n\n\n\n<p class=\"\"><\/p>","protected":false},"excerpt":{"rendered":"<p>Make a Difference at the Deaf and Hard of Hearing Center At the Deaf and Hard of Hearing Center (DHHC), volunteers play a crucial role in helping us achieve our [&hellip;]<\/p>\n","protected":false},"author":4,"featured_media":0,"parent":0,"menu_order":0,"comment_status":"closed","ping_status":"closed","template":"","meta":{"nf_dc_page":"","site-sidebar-layout":"default","site-content-layout":"","ast-site-content-layout":"default","site-content-style":"default","site-sidebar-style":"default","ast-global-header-display":"","ast-banner-title-visibility":"","ast-main-header-display":"","ast-hfb-above-header-display":"","ast-hfb-below-header-display":"","ast-hfb-mobile-header-display":"","site-post-title":"disabled","ast-breadcrumbs-content":"","ast-featured-img":"","footer-sml-layout":"","ast-disable-related-posts":"","theme-transparent-header-meta":"","adv-header-id-meta":"","stick-header-meta":"","header-above-stick-meta":"","header-main-stick-meta":"","header-below-stick-meta":"","astra-migrate-meta-layouts":"default","ast-page-background-enabled":"default","ast-page-background-meta":{"desktop":{"background-color":"var(--ast-global-color-4)","background-image":"","background-repeat":"repeat","background-position":"center center","background-size":"auto","background-attachment":"scroll","background-type":"","background-media":"","overlay-type":"","overlay-color":"","overlay-opacity":"","overlay-gradient":""},"tablet":{"background-color":"","background-image":"","background-repeat":"repeat","background-position":"center center","background-size":"auto","background-attachment":"scroll","background-type":"","background-media":"","overlay-type":"","overlay-color":"","overlay-opacity":"","overlay-gradient":""},"mobile":{"background-color":"","background-image":"","background-repeat":"repeat","background-position":"center center","background-size":"auto","background-attachment":"scroll","background-type":"","background-media":"","overlay-type":"","overlay-color":"","overlay-opacity":"","overlay-gradient":""}},"ast-content-background-meta":{"desktop":{"background-color":"var(--ast-global-color-5)","background-image":"","background-repeat":"repeat","background-position":"center center","background-size":"auto","background-attachment":"scroll","background-type":"","background-media":"","overlay-type":"","overlay-color":"","overlay-opacity":"","overlay-gradient":""},"tablet":{"background-color":"var(--ast-global-color-5)","background-image":"","background-repeat":"repeat","background-position":"center center","background-size":"auto","background-attachment":"scroll","background-type":"","background-media":"","overlay-type":"","overlay-color":"","overlay-opacity":"","overlay-gradient":""},"mobile":{"background-color":"var(--ast-global-color-5)","background-image":"","background-repeat":"repeat","background-position":"center center","background-size":"auto","background-attachment":"scroll","background-type":"","background-media":"","overlay-type":"","overlay-color":"","overlay-opacity":"","overlay-gradient":""}},"_price":"","_stock":"","_tribe_ticket_header":"","_tribe_default_ticket_provider":"","_tribe_ticket_capacity":"0","_ticket_start_date":"","_ticket_end_date":"","_tribe_ticket_show_description":"","_tribe_ticket_show_not_going":false,"_tribe_ticket_use_global_stock":"","_tribe_ticket_global_stock_level":"","_global_stock_mode":"","_global_stock_cap":"","_tribe_rsvp_for_event":"","_tribe_ticket_going_count":"","_tribe_ticket_not_going_count":"","_tribe_tickets_list":"[]","_tribe_ticket_has_attendee_info_fields":false,"footnotes":"","_tec_slr_enabled":"","_tec_slr_layout":""},"class_list":["post-861","page","type-page","status-publish","hentry"],"jetpack_sharing_enabled":true,"ticketed":false,"_links":{"self":[{"href":"https:\/\/deafhhcenter.org\/es\/wp-json\/wp\/v2\/pages\/861","targetHints":{"allow":["GET"]}}],"collection":[{"href":"https:\/\/deafhhcenter.org\/es\/wp-json\/wp\/v2\/pages"}],"about":[{"href":"https:\/\/deafhhcenter.org\/es\/wp-json\/wp\/v2\/types\/page"}],"author":[{"embeddable":true,"href":"https:\/\/deafhhcenter.org\/es\/wp-json\/wp\/v2\/users\/4"}],"replies":[{"embeddable":true,"href":"https:\/\/deafhhcenter.org\/es\/wp-json\/wp\/v2\/comments?post=861"}],"version-history":[{"count":3,"href":"https:\/\/deafhhcenter.org\/es\/wp-json\/wp\/v2\/pages\/861\/revisions"}],"predecessor-version":[{"id":988,"href":"https:\/\/deafhhcenter.org\/es\/wp-json\/wp\/v2\/pages\/861\/revisions\/988"}],"wp:attachment":[{"href":"https:\/\/deafhhcenter.org\/es\/wp-json\/wp\/v2\/media?parent=861"}],"curies":[{"name":"wp","href":"https:\/\/api.w.org\/{rel}","templated":true}]}}