{"id":852,"date":"2024-08-15T00:32:19","date_gmt":"2024-08-15T00:32:19","guid":{"rendered":"https:\/\/oga.tuv.mybluehost.me\/?page_id=852"},"modified":"2024-09-19T17:41:03","modified_gmt":"2024-09-19T17:41:03","slug":"stap","status":"publish","type":"page","link":"https:\/\/deafhhcenter.org\/es\/stap\/","title":{"rendered":"Deaf and Hard of Hearing STAP"},"content":{"rendered":"<h2 class=\"wp-block-heading\"><strong>PROGRAMA DE ASISTENCIA ESPECIALIZADA EN TELECOMUNICACIONES<\/strong><\/h2>\n\n\n\n<h2 class=\"wp-block-heading\"><strong>\u00bfQu\u00e9 es el STAP?<\/strong><\/h2>\n\n\n\n<p class=\"\">STAP significa Programa de Asistencia Especializada en Telecomunicaciones. Este programa proporciona vales a personas con discapacidades que pueden utilizarse para comprar tel\u00e9fonos especiales y equipos telef\u00f3nicos, como tel\u00e9fonos amplificados para personas con dificultades auditivas, o un marcador por voz para personas con discapacidades visuales o de movilidad. Existen muchos dispositivos diferentes disponibles para una amplia gama de discapacidades.<\/p>\n\n\n\n<div class=\"nfd-container nfd-bg-surface nfd-theme-white is-style-nfd-theme-white wp-block-group nfd-divider-zigzag is-content-justification-center is-layout-constrained wp-container-core-group-is-layout-b1d09da0 wp-block-group-is-layout-constrained\" style=\"min-height:0px;padding-top:0;padding-right:0;padding-bottom:0;padding-left:0\">\n<div class=\"nfd-gap-y-2xl wp-block-columns are-vertically-aligned-top is-layout-flex wp-container-core-columns-is-layout-28f84493 wp-block-columns-is-layout-flex\">\n<div class=\"wp-block-column is-vertically-aligned-top is-layout-flow wp-container-core-column-is-layout-a77db08e wp-block-column-is-layout-flow\">\n<figure class=\"nfd-rounded-sm wp-block-image aligncenter size-large is-resized\"><img data-recalc-dims=\"1\" loading=\"lazy\" decoding=\"async\" width=\"1007\" height=\"1024\" src=\"https:\/\/i0.wp.com\/oga.tuv.mybluehost.me\/wp-content\/uploads\/2024\/01\/Rod-1007x1024.png?resize=1007%2C1024&#038;ssl=1\" alt=\"\" class=\"wp-image-502\" style=\"width:349px;height:auto\" srcset=\"https:\/\/i0.wp.com\/deafhhcenter.org\/wp-content\/uploads\/2024\/01\/Rod.png?resize=1007%2C1024&amp;ssl=1 1007w, https:\/\/i0.wp.com\/deafhhcenter.org\/wp-content\/uploads\/2024\/01\/Rod.png?resize=295%2C300&amp;ssl=1 295w, https:\/\/i0.wp.com\/deafhhcenter.org\/wp-content\/uploads\/2024\/01\/Rod.png?resize=768%2C781&amp;ssl=1 768w, https:\/\/i0.wp.com\/deafhhcenter.org\/wp-content\/uploads\/2024\/01\/Rod.png?resize=1510%2C1536&amp;ssl=1 1510w, https:\/\/i0.wp.com\/deafhhcenter.org\/wp-content\/uploads\/2024\/01\/Rod.png?resize=2014%2C2048&amp;ssl=1 2014w, https:\/\/i0.wp.com\/deafhhcenter.org\/wp-content\/uploads\/2024\/01\/Rod.png?w=3000&amp;ssl=1 3000w\" sizes=\"auto, (max-width: 1000px) 100vw, 1000px\" \/><\/figure>\n\n\n\n<div class=\"nfd-gap-0 wp-block-group is-layout-constrained wp-container-core-group-is-layout-b900d1fc wp-block-group-is-layout-constrained\" style=\"border-style:none;border-width:0px;min-height:146px;padding-top:var(--wp--preset--spacing--20);padding-bottom:var(--wp--preset--spacing--20)\">\n<div class=\"nfd-gap-sm wp-block-group is-vertical is-content-justification-stretch is-layout-flex wp-container-core-group-is-layout-353c4f5a wp-block-group-is-layout-flex\">\n<div class=\"nfd-relative nfd-gap-0 nfd-pt-xs -nfd-top-0.5 nfd-border-primary wp-block-group is-vertical is-content-justification-center is-layout-flex wp-container-core-group-is-layout-6363bf74 wp-block-group-is-layout-flex\">\n<p class=\"nfd-text-primary nfd-text-md has-text-align-left has-ast-global-color-7-color has-text-color has-link-color wp-elements-ec9419e4f621549ac09b84a7a8ed859b\"><strong>Rodney Clement<\/strong><\/p>\n\n\n\n<p class=\"nfd-text-base has-text-align-left\"><strong>Especialista de Alcance de STAP<\/strong><\/p>\n<\/div>\n\n\n\n<div class=\"nfd-text-pretty nfd-text-sm wp-block-group is-vertical is-content-justification-stretch is-layout-flex wp-container-core-group-is-layout-353c4f5a wp-block-group-is-layout-flex\">\n<p class=\"nfd-text-faded has-text-align-center\">El Centro para Personas Sordas y con Problemas Auditivos<br>5151 McArdle Road<br>Corpus Christi, Texas 78411<br><strong>V\/TTY:<\/strong> (361) 993-1154<br><strong>Toll-Free:<\/strong> (866) 993-1154<br><strong>Fax: <\/strong>(361) 993-4271<br><strong>E-mail: <\/strong>rclement@deafhhcenter.org<br>STAPcontractor11@hhsc.state.tx.us<\/p>\n<\/div>\n\n\n\n<div style=\"height:0px\" aria-hidden=\"true\" class=\"wp-block-spacer wp-container-content-9760934e\"><\/div>\n<\/div>\n<\/div>\n<\/div>\n<\/div>\n<\/div>\n\n\n\n<hr class=\"is-style-wide wp-block-separator has-alpha-channel-opacity\"\/>\n\n\n\n<h2 class=\"wp-block-heading has-text-align-left\"><strong>TU ESPECIALISTA DE ALCANCE DEL PROGRAMA STAP<\/strong><\/h2>\n\n\n\n<p class=\"has-text-align-left\">Tu Especialista de Alcance del Programa STAP tiene un amplio conocimiento sobre los diferentes tipos de equipos disponibles a trav\u00e9s de STAP y ayuda a las personas con discapacidades a encontrar la mejor soluci\u00f3n para sus necesidades de comunicaci\u00f3n. Luego, el especialista puede asistir en el proceso de completar la solicitud (incluyendo su certificaci\u00f3n). Una vez que la persona recibe su vale, el especialista puede ayudar a encontrar un proveedor que tenga el dispositivo espec\u00edfico que la persona desea. Tu Especialista de STAP tambi\u00e9n realiza presentaciones a grupos de personas y asiste a eventos como ferias de salud locales para difundir informaci\u00f3n sobre el programa y ayudar a las personas a aplicar. En los pr\u00f3ximos paneles, encontrar\u00e1s una lista de dispositivos disponibles a trav\u00e9s de STAP. Si t\u00fa o alguien que conoces podr\u00eda beneficiarse de uno o m\u00e1s de estos art\u00edculos, \u00a1por favor contacta a tu Especialista de Alcance de STAP hoy mismo!<\/p>\n\n\n\n<p class=\"\"><\/p>","protected":false},"excerpt":{"rendered":"<p>SPECIALIZED TELECOMMUNICATIONS ASSISTANCE PROGRAM What is STAP? STAP stands for Specialized Telecommunications Assistance Program. This program provides vouchers to people with disabilities that can be used to purchase special telephones [&hellip;]<\/p>\n","protected":false},"author":4,"featured_media":0,"parent":0,"menu_order":0,"comment_status":"closed","ping_status":"closed","template":"","meta":{"nf_dc_page":"","site-sidebar-layout":"default","site-content-layout":"","ast-site-content-layout":"default","site-content-style":"default","site-sidebar-style":"default","ast-global-header-display":"","ast-banner-title-visibility":"","ast-main-header-display":"","ast-hfb-above-header-display":"","ast-hfb-below-header-display":"","ast-hfb-mobile-header-display":"","site-post-title":"disabled","ast-breadcrumbs-content":"","ast-featured-img":"","footer-sml-layout":"","ast-disable-related-posts":"","theme-transparent-header-meta":"","adv-header-id-meta":"","stick-header-meta":"","header-above-stick-meta":"","header-main-stick-meta":"","header-below-stick-meta":"","astra-migrate-meta-layouts":"default","ast-page-background-enabled":"default","ast-page-background-meta":{"desktop":{"background-color":"var(--ast-global-color-4)","background-image":"","background-repeat":"repeat","background-position":"center center","background-size":"auto","background-attachment":"scroll","background-type":"","background-media":"","overlay-type":"","overlay-color":"","overlay-opacity":"","overlay-gradient":""},"tablet":{"background-color":"","background-image":"","background-repeat":"repeat","background-position":"center center","background-size":"auto","background-attachment":"scroll","background-type":"","background-media":"","overlay-type":"","overlay-color":"","overlay-opacity":"","overlay-gradient":""},"mobile":{"background-color":"","background-image":"","background-repeat":"repeat","background-position":"center center","background-size":"auto","background-attachment":"scroll","background-type":"","background-media":"","overlay-type":"","overlay-color":"","overlay-opacity":"","overlay-gradient":""}},"ast-content-background-meta":{"desktop":{"background-color":"var(--ast-global-color-5)","background-image":"","background-repeat":"repeat","background-position":"center center","background-size":"auto","background-attachment":"scroll","background-type":"","background-media":"","overlay-type":"","overlay-color":"","overlay-opacity":"","overlay-gradient":""},"tablet":{"background-color":"var(--ast-global-color-5)","background-image":"","background-repeat":"repeat","background-position":"center center","background-size":"auto","background-attachment":"scroll","background-type":"","background-media":"","overlay-type":"","overlay-color":"","overlay-opacity":"","overlay-gradient":""},"mobile":{"background-color":"var(--ast-global-color-5)","background-image":"","background-repeat":"repeat","background-position":"center center","background-size":"auto","background-attachment":"scroll","background-type":"","background-media":"","overlay-type":"","overlay-color":"","overlay-opacity":"","overlay-gradient":""}},"_price":"","_stock":"","_tribe_ticket_header":"","_tribe_default_ticket_provider":"","_tribe_ticket_capacity":"0","_ticket_start_date":"","_ticket_end_date":"","_tribe_ticket_show_description":"","_tribe_ticket_show_not_going":false,"_tribe_ticket_use_global_stock":"","_tribe_ticket_global_stock_level":"","_global_stock_mode":"","_global_stock_cap":"","_tribe_rsvp_for_event":"","_tribe_ticket_going_count":"","_tribe_ticket_not_going_count":"","_tribe_tickets_list":"[]","_tribe_ticket_has_attendee_info_fields":false,"footnotes":"","_tec_slr_enabled":"","_tec_slr_layout":""},"class_list":["post-852","page","type-page","status-publish","hentry"],"jetpack_sharing_enabled":true,"ticketed":false,"_links":{"self":[{"href":"https:\/\/deafhhcenter.org\/es\/wp-json\/wp\/v2\/pages\/852","targetHints":{"allow":["GET"]}}],"collection":[{"href":"https:\/\/deafhhcenter.org\/es\/wp-json\/wp\/v2\/pages"}],"about":[{"href":"https:\/\/deafhhcenter.org\/es\/wp-json\/wp\/v2\/types\/page"}],"author":[{"embeddable":true,"href":"https:\/\/deafhhcenter.org\/es\/wp-json\/wp\/v2\/users\/4"}],"replies":[{"embeddable":true,"href":"https:\/\/deafhhcenter.org\/es\/wp-json\/wp\/v2\/comments?post=852"}],"version-history":[{"count":5,"href":"https:\/\/deafhhcenter.org\/es\/wp-json\/wp\/v2\/pages\/852\/revisions"}],"predecessor-version":[{"id":1242,"href":"https:\/\/deafhhcenter.org\/es\/wp-json\/wp\/v2\/pages\/852\/revisions\/1242"}],"wp:attachment":[{"href":"https:\/\/deafhhcenter.org\/es\/wp-json\/wp\/v2\/media?parent=852"}],"curies":[{"name":"wp","href":"https:\/\/api.w.org\/{rel}","templated":true}]}}