{"id":769,"date":"2024-08-15T00:00:38","date_gmt":"2024-08-15T00:00:38","guid":{"rendered":"https:\/\/oga.tuv.mybluehost.me\/?page_id=769"},"modified":"2025-05-07T23:00:10","modified_gmt":"2025-05-08T04:00:10","slug":"history","status":"publish","type":"page","link":"https:\/\/deafhhcenter.org\/es\/history\/","title":{"rendered":"Historia"},"content":{"rendered":"<div style=\"height:17px\" aria-hidden=\"true\" class=\"wp-block-spacer\"><\/div>\n\n\n\n<h2 class=\"wp-block-heading\">How did Deaf and Hard of Hearing Center started?<\/h2>\n\n\n\n<figure class=\"wp-block-image aligncenter size-large is-resized\"><img data-recalc-dims=\"1\" loading=\"lazy\" decoding=\"async\" width=\"1024\" height=\"421\" src=\"https:\/\/i0.wp.com\/oga.tuv.mybluehost.me\/wp-content\/uploads\/2024\/01\/SusanTiller_Artboard-3-1024x421.png?resize=1024%2C421&#038;ssl=1\" alt=\"\" class=\"wp-image-472\" style=\"width:1200px;height:auto\" srcset=\"https:\/\/i0.wp.com\/deafhhcenter.org\/wp-content\/uploads\/2024\/01\/SusanTiller_Artboard-3.png?resize=1024%2C421&amp;ssl=1 1024w, https:\/\/i0.wp.com\/deafhhcenter.org\/wp-content\/uploads\/2024\/01\/SusanTiller_Artboard-3.png?resize=300%2C123&amp;ssl=1 300w, https:\/\/i0.wp.com\/deafhhcenter.org\/wp-content\/uploads\/2024\/01\/SusanTiller_Artboard-3.png?resize=768%2C316&amp;ssl=1 768w, https:\/\/i0.wp.com\/deafhhcenter.org\/wp-content\/uploads\/2024\/01\/SusanTiller_Artboard-3.png?resize=1536%2C632&amp;ssl=1 1536w, https:\/\/i0.wp.com\/deafhhcenter.org\/wp-content\/uploads\/2024\/01\/SusanTiller_Artboard-3.png?resize=2048%2C843&amp;ssl=1 2048w, https:\/\/i0.wp.com\/deafhhcenter.org\/wp-content\/uploads\/2024\/01\/SusanTiller_Artboard-3.png?w=3000&amp;ssl=1 3000w\" sizes=\"auto, (max-width: 1000px) 100vw, 1000px\" \/><\/figure>\n\n\n\n<p class=\"has-text-align-left\">En 1977, un peque\u00f1o grupo de personas preocupadas por la falta de servicios para las personas sordas se reuni\u00f3 en un Whataburger. Este grupo discuti\u00f3 ideas sobre c\u00f3mo proporcionar servicios. Algunos fondos del estado estaban disponibles para pagar dos servicios: interpretaci\u00f3n y actividades para personas mayores. Gracias a esta reuni\u00f3n y al arduo trabajo de un peque\u00f1o grupo de voluntarios comprometidos, se cre\u00f3 el Consejo de la Zona de Corpus Christi para los Sordos como una corporaci\u00f3n sin fines de lucro en febrero de 1978. Una int\u00e9rprete estaba dispuesta a contestar los tel\u00e9fonos y a salir a realizar asignaciones de interpretaci\u00f3n, y una de las personas mayores estaba dispuesta a visitar a otros mayores en la comunidad. Estos servicios se ofrec\u00edan desde una sala prestada en el Departamento de Salud en Home Road. Este personal pronto se sinti\u00f3 abrumado ante la perspectiva de intentar hacerlo todo. Este grupo comenz\u00f3 a trabajar para reclutar m\u00e1s personal y asegurar un espacio de oficina m\u00e1s adecuado. A finales de julio de 1979, el saldo bancario era de $64.24, y CCACD hab\u00eda proporcionado siete servicios de interpretaci\u00f3n durante el mes. La junta decidi\u00f3 que era momento de convertirse en una organizaci\u00f3n sin fines de lucro con el prop\u00f3sito de solicitar donaciones y subvenciones. Se prepararon los estatutos, la constituci\u00f3n y una solicitud, y pronto se determin\u00f3 por el Servicio de Impuestos Internos que CCACD es una organizaci\u00f3n privada sin fines de lucro 501(c)(3).<\/p>\n\n\n\n<p class=\"\">En 1981, la organizaci\u00f3n necesitaba m\u00e1s espacio para reuniones y a\u00fan m\u00e1s personal, por lo que las operaciones se trasladaron al edificio de la oficina dental del esposo de la Directora Ejecutiva, Susan Tiller. All\u00ed, el equipo ten\u00eda dos habitaciones y usaba el \u00e1rea central por las noches para clases de lenguaje de se\u00f1as y reuniones. El equipo trabaj\u00f3 all\u00ed durante dos a\u00f1os mientras recaudaba fondos para construir nuestro propio edificio. Finalmente, el equipo tuvo suficiente dinero para el edificio, pero no para el terreno. CCACD le pidi\u00f3 al Departamento de Parques de la Ciudad si el edificio podr\u00eda estar en una propiedad de la ciudad en un parque. El equipo trabaj\u00f3 en una excelente propuesta y se agreg\u00f3 a su agenda. La comunidad llen\u00f3 la sala del Consejo mientras la Sra. Tiller compart\u00eda la presentaci\u00f3n. Cuando la Sra. Tiller termin\u00f3, se hizo un silencio en la sala y muchos corazones se hundieron. Robert \u201cBob\u201d Gulley, miembro del Consejo, luego dijo: \u201cas\u00ed es como se supone que deben suceder las cosas. Ustedes vienen queriendo hacer algo por nuestra comunidad con el dinero en la mano. Esa es la forma estadounidense\u201d. Apoyo de todo coraz\u00f3n su solicitud\u201d. El resto del Consejo sigui\u00f3 con votos afirmativos y el proyecto comenz\u00f3.<\/p>\n\n\n\n<p class=\"\">En 1984, nos mudamos a nuestro edificio actual. En la inauguraci\u00f3n, el alcalde Luther Jones proclam\u00f3 que era un d\u00eda maravilloso en la vida de muchas personas \u201csordas\u201d de nuestra \u00e1rea. En 1993, completamos una ampliaci\u00f3n y remodelaci\u00f3n de la propiedad gracias a una subvenci\u00f3n del Fondo de Subvenciones en Bloque para el Desarrollo Comunitario. Ahora somos propietarios del edificio. En 2004, CCACD a\u00f1adi\u00f3 un nombre comercial \u201cdba\u201d: El Centro para Sordos y Personas con Problemas de Audici\u00f3n. Esto ten\u00eda la intenci\u00f3n de incorporar a la comunidad con problemas de audici\u00f3n en nuestra \u00e1rea de servicio de veintitr\u00e9s condados. Desde entonces, DHHC ha crecido de dos programas a una organizaci\u00f3n de servicio completo, brindando trabajo social, capacitaci\u00f3n laboral, b\u00fasqueda de empleo y clases, incluidas Lengua de Se\u00f1as Americana, Alfabetizaci\u00f3n para Adultos Sordos y m\u00e1s. Hemos llegado muy lejos, gracias a la dedicaci\u00f3n y pasi\u00f3n de un peque\u00f1o grupo de personas con un sue\u00f1o.<\/p>\n\n\n\n<p class=\"has-text-align-center\">El Centro para Sordos y Personas con Problemas de Audici\u00f3n <strong>Valores Fundamentales:<\/strong><br><strong>Sinceridad<br>Confidencialidad<br>Integridad<br>Comunicaci\u00f3n <br>Comunidad<\/strong><\/p>\n\n\n\n<p class=\"has-text-align-center\">These values are to be followed by al board members, employees and volunteers of the Center.<\/p>\n\n\n\n<p class=\"\"><\/p>","protected":false},"excerpt":{"rendered":"<p>How did Deaf and Hard of Hearing Center started? In 1977, a small group of people concerned about the lack of services for people who were Deaf met in a [&hellip;]<\/p>\n","protected":false},"author":4,"featured_media":0,"parent":0,"menu_order":0,"comment_status":"closed","ping_status":"closed","template":"","meta":{"nf_dc_page":"","site-sidebar-layout":"default","site-content-layout":"","ast-site-content-layout":"default","site-content-style":"default","site-sidebar-style":"default","ast-global-header-display":"","ast-banner-title-visibility":"","ast-main-header-display":"","ast-hfb-above-header-display":"","ast-hfb-below-header-display":"","ast-hfb-mobile-header-display":"","site-post-title":"disabled","ast-breadcrumbs-content":"","ast-featured-img":"","footer-sml-layout":"","ast-disable-related-posts":"","theme-transparent-header-meta":"","adv-header-id-meta":"","stick-header-meta":"","header-above-stick-meta":"","header-main-stick-meta":"","header-below-stick-meta":"","astra-migrate-meta-layouts":"default","ast-page-background-enabled":"default","ast-page-background-meta":{"desktop":{"background-color":"var(--ast-global-color-4)","background-image":"","background-repeat":"repeat","background-position":"center center","background-size":"auto","background-attachment":"scroll","background-type":"","background-media":"","overlay-type":"","overlay-color":"","overlay-opacity":"","overlay-gradient":""},"tablet":{"background-color":"","background-image":"","background-repeat":"repeat","background-position":"center center","background-size":"auto","background-attachment":"scroll","background-type":"","background-media":"","overlay-type":"","overlay-color":"","overlay-opacity":"","overlay-gradient":""},"mobile":{"background-color":"","background-image":"","background-repeat":"repeat","background-position":"center center","background-size":"auto","background-attachment":"scroll","background-type":"","background-media":"","overlay-type":"","overlay-color":"","overlay-opacity":"","overlay-gradient":""}},"ast-content-background-meta":{"desktop":{"background-color":"var(--ast-global-color-5)","background-image":"","background-repeat":"repeat","background-position":"center center","background-size":"auto","background-attachment":"scroll","background-type":"","background-media":"","overlay-type":"","overlay-color":"","overlay-opacity":"","overlay-gradient":""},"tablet":{"background-color":"var(--ast-global-color-5)","background-image":"","background-repeat":"repeat","background-position":"center center","background-size":"auto","background-attachment":"scroll","background-type":"","background-media":"","overlay-type":"","overlay-color":"","overlay-opacity":"","overlay-gradient":""},"mobile":{"background-color":"var(--ast-global-color-5)","background-image":"","background-repeat":"repeat","background-position":"center center","background-size":"auto","background-attachment":"scroll","background-type":"","background-media":"","overlay-type":"","overlay-color":"","overlay-opacity":"","overlay-gradient":""}},"_price":"","_stock":"","_tribe_ticket_header":"","_tribe_default_ticket_provider":"","_tribe_ticket_capacity":"0","_ticket_start_date":"","_ticket_end_date":"","_tribe_ticket_show_description":"","_tribe_ticket_show_not_going":false,"_tribe_ticket_use_global_stock":"","_tribe_ticket_global_stock_level":"","_global_stock_mode":"","_global_stock_cap":"","_tribe_rsvp_for_event":"","_tribe_ticket_going_count":"","_tribe_ticket_not_going_count":"","_tribe_tickets_list":"[]","_tribe_ticket_has_attendee_info_fields":false,"footnotes":"","_tec_slr_enabled":"","_tec_slr_layout":""},"class_list":["post-769","page","type-page","status-publish","hentry"],"jetpack_sharing_enabled":true,"ticketed":false,"_links":{"self":[{"href":"https:\/\/deafhhcenter.org\/es\/wp-json\/wp\/v2\/pages\/769","targetHints":{"allow":["GET"]}}],"collection":[{"href":"https:\/\/deafhhcenter.org\/es\/wp-json\/wp\/v2\/pages"}],"about":[{"href":"https:\/\/deafhhcenter.org\/es\/wp-json\/wp\/v2\/types\/page"}],"author":[{"embeddable":true,"href":"https:\/\/deafhhcenter.org\/es\/wp-json\/wp\/v2\/users\/4"}],"replies":[{"embeddable":true,"href":"https:\/\/deafhhcenter.org\/es\/wp-json\/wp\/v2\/comments?post=769"}],"version-history":[{"count":6,"href":"https:\/\/deafhhcenter.org\/es\/wp-json\/wp\/v2\/pages\/769\/revisions"}],"predecessor-version":[{"id":1559,"href":"https:\/\/deafhhcenter.org\/es\/wp-json\/wp\/v2\/pages\/769\/revisions\/1559"}],"wp:attachment":[{"href":"https:\/\/deafhhcenter.org\/es\/wp-json\/wp\/v2\/media?parent=769"}],"curies":[{"name":"wp","href":"https:\/\/api.w.org\/{rel}","templated":true}]}}